{"id":2,"date":"2016-08-24T13:51:40","date_gmt":"2016-08-24T13:51:40","guid":{"rendered":""},"modified":"2018-05-11T18:48:58","modified_gmt":"2018-05-11T18:48:58","slug":"sample-page","status":"publish","type":"page","link":"https:\/\/kancelariaszabelska.pl\/","title":{"rendered":"Sample Page"},"content":{"rendered":"<div id=\"pg-2-0\"  class=\"panel-grid\" ><div class=\"panel-grid-core\"><div id=\"pgc-2-0-0\"  class=\"panel-grid-cell \" ><div class=\"panel-widget-style\" ><div id=\"body-core\" class=\"hfeed site\"><div id=\"content\"><div id=\"content-core\"><div id=\"main\"><div id=\"main-core\"><div id=\"pg-2-0\" class=\"panel-grid\"><div class=\"panel-grid-core\"><div id=\"pgc-2-0-0\" class=\"panel-grid-cell\"><div class=\"panel-widget-style\"><h3>Szukasz Kancelarii, kt\u00f3ra b\u0119dzie reprezentowa\u0107 Twoje interesy w post\u0119powaniu upad\u0142o\u015bciowym? <a href=\"\/?page_id=4\"><u>Skontaktuj si\u0119 z nami!<\/u><\/a><\/h3><p><strong>Kancelaria Radcy Prawnego Lucyna Szabelska wykorzystuj\u0105c posiadan\u0105 wiedz\u0119 oraz wieloletnie do\u015bwiadczenie w kompleksowej obs\u0142udze prawnej przedsi\u0119biorc\u00f3w, sp\u00f3\u0142ek prawa handlowego oraz os\u00f3b fizycznych \u015bwiadczy pomoc prawn\u0105 w zakresie prawa cywilnego (w tym odszkodowa\u0144 na osobie i na mieniu), gospodarczego (w tym w szczeg\u00f3lno\u015bci windykacji), prawa pracy i ubezpiecze\u0144 spo\u0142ecznych, prawa rodzinnego oraz wykrocze\u0144.<\/strong><\/p><\/div><\/div><\/div><\/div><\/div><\/div><\/div><\/div><\/div><\/div><\/div><\/div><\/div><div id=\"pg-2-1\"  class=\"panel-grid\" ><div class=\"panel-grid-core\"><div id=\"pgc-2-1-0\"  class=\"panel-grid-cell \" ><div class=\"panel-widget-style\" ><div class=\"animated start-slideInDown\" title=\"\"><div class=\"iconfull style1 iconlink\"><div class=\"iconimage\"><a href=\"http:\/\/kancelariaszabelska.pl\/?page_id=71&customize_changeset_uuid=0e816994-10d6-44f9-9529-478e46596784\"><i class=\"fa fa-caret-left fa-3x fa-inverse\"><\/i><\/a><\/div><div class=\"iconmain\"><h3>Upad\u0142o\u015b\u0107 konsumencka<\/h3><p><\/p><p class=\"iconurl\"><a href=\"http:\/\/kancelariaszabelska.pl\/?page_id=71&customize_changeset_uuid=0e816994-10d6-44f9-9529-478e46596784\">zobacz wi\u0119cej<\/a><\/p><\/div><\/div><\/div><div class=\"clearboth\"><\/div><\/div><\/div><div id=\"pgc-2-1-1\"  class=\"panel-grid-cell \" ><div class=\"panel-widget-style\" ><div class=\"animated start-slideInDown\" title=\"\"><div class=\"iconfull style1 iconlink\"><div class=\"iconimage\"><a href=\"http:\/\/kancelariaszabelska.pl\/?page_id=34\"><i class=\"fa fa-car fa-3x fa-inverse\"><\/i><\/a><\/div><div class=\"iconmain\"><h3>Prawo cywilne<\/h3><p><\/p><p class=\"iconurl\"><a href=\"http:\/\/kancelariaszabelska.pl\/?page_id=34\">zobacz wi\u0119cej<\/a><\/p><\/div><\/div><\/div><div class=\"clearboth\"><\/div><\/div><\/div><div id=\"pgc-2-1-2\"  class=\"panel-grid-cell \" ><div class=\"panel-widget-style\" ><div class=\"animated start-slideInDown\" title=\"\"><div class=\"iconfull style1 iconlink\"><div class=\"iconimage\"><a href=\"http:\/\/kancelariaszabelska.pl\/?page_id=36\"><i class=\"fa fa-eject fa-3x fa-inverse\"><\/i><\/a><\/div><div class=\"iconmain\"><h3>Prawo spadkowe<\/h3><p><\/p><p class=\"iconurl\"><a href=\"http:\/\/kancelariaszabelska.pl\/?page_id=36\">zobacz wi\u0119cej<\/a><\/p><\/div><\/div><\/div><div class=\"clearboth\"><\/div><\/div><\/div><div id=\"pgc-2-1-3\"  class=\"panel-grid-cell\" ><div class=\"panel-widget-style\" ><div class=\"animated start-slideInDown\" title=\"\"><div class=\"iconfull style1 iconlink\"><div class=\"iconimage\"><a href=\"http:\/\/kancelariaszabelska.pl\/?page_id=38\"><i class=\"fa fa-ellipsis-h fa-3x fa-inverse\"><\/i><\/a><\/div><div class=\"iconmain\"><h3>Dochodzenie odszkodowa\u0144<\/h3><p><\/p><p class=\"iconurl\"><a href=\"http:\/\/kancelariaszabelska.pl\/?page_id=38\">zobacz wi\u0119cej<\/a><\/p><\/div><\/div><\/div><div class=\"clearboth\"><\/div><\/div><\/div><div id=\"pgc-2-1-4\"  class=\"panel-grid-cell\" ><div class=\"panel-widget-style\" ><div class=\"animated start-slideInDown\" title=\"\"><div class=\"iconfull style1 iconlink\"><div class=\"iconimage\"><a href=\"http:\/\/kancelariaszabelska.pl\/?page_id=39\"><i class=\"fa fa-calendar-o fa-3x fa-inverse\"><\/i><\/a><\/div><div class=\"iconmain\"><h3>Prawo pracy i ubezpiecze\u0144 spo\u0142ecznych<\/h3><p><\/p><p class=\"iconurl\"><a href=\"http:\/\/kancelariaszabelska.pl\/?page_id=39\">zobacz wi\u0119cej<\/a><\/p><\/div><\/div><\/div><div class=\"clearboth\"><\/div><\/div><\/div><div id=\"pgc-2-1-5\"  class=\"panel-grid-cell\" ><div class=\"panel-widget-style\" ><div class=\"animated start-slideInDown\" title=\"\"><div class=\"iconfull style1 iconlink\"><div class=\"iconimage\"><a href=\"http:\/\/kancelariaszabelska.pl\/?page_id=41\"><i class=\"fa fa-css3 fa-3x fa-inverse\"><\/i><\/a><\/div><div class=\"iconmain\"><h3>Windykacja nale\u017cno\u015bci <\/h3><p><\/p><p class=\"iconurl\"><a href=\"http:\/\/kancelariaszabelska.pl\/?page_id=41\">zobacz wi\u0119cej<\/a><\/p><\/div><\/div><\/div><div class=\"clearboth\"><\/div><\/div><\/div><\/div><\/div><div id=\"pg-2-2\"  class=\"panel-grid\" ><div class=\"panel-grid-core\"><div id=\"pgc-2-2-0\"  class=\"panel-grid-cell \" ><div class=\"panel-widget-style\" ><div id=\"body-core\" class=\"hfeed site\"><div id=\"content\"><div id=\"content-core\"><div id=\"main\"><div id=\"main-core\"><div id=\"pg-2-0\" class=\"panel-grid\"><div class=\"panel-grid-core\"><div id=\"pgc-2-0-0\" class=\"panel-grid-cell\"><div class=\"panel-widget-style\"><h2>OG\u00d3LNE INFORMACJE O UPAD\u0141O\u015aCI KONSUMENCKIEJ<\/h2><p><strong>Upad\u0142o\u015b\u0107 konsumencka jest post\u0119powaniem maj\u0105cym na celu odd\u0142u\u017cenie os\u00f3b<\/strong> <em>fizycznych, kt\u00f3re sta\u0142y si\u0119 niewyp\u0142acalne i nie s\u0105 zdolne wykonywa\u0107 swoich zobowi\u0105za\u0144 pieni\u0119\u017cnych wobec wierzycieli. Ta forma upad\u0142o\u015bci jest drog\u0105 do rozpocz\u0119cia \u201enowego \u017cycia\u201d bez d\u0142ug\u00f3w<\/em>. <strong>Upad\u0142o\u015b\u0107 konsumencka jest skierowana do os\u00f3b, kt\u00f3re nie prowadz\u0105 dzia\u0142alno\u015bci gospodarczej i wobec kt\u00f3rych s\u0105d w ci\u0105gu ostatnich 10 lat nie og\u0142osi\u0142 upad\u0142o\u015bci.<\/strong><\/p><p>Wniosek o og\u0142oszenie upad\u0142o\u015bci sk\u0142ada d\u0142u\u017cnik do s\u0105du gospodarczego. Wniosek musi spe\u0142nia\u0107 wymogi formalne. Zastosowanie w sprawie maj\u0105: ustawa z dnia 28 lutego 2003 r. Prawo upad\u0142o\u015bciowe oraz przepisy k.p.c.<\/p><p>S\u0105d mo\u017ce odrzuci\u0107 wniosek albo go zwr\u00f3ci\u0107 je\u017celi zawiera braki lub jest niedopuszczalny z mocy prawa. W przypadku zaistnienia przes\u0142anek negatywnych og\u0142oszenia upad\u0142o\u015bci konsumenckiej s\u0105d oddali wniosek.<\/p><p>W post\u0119powaniu upad\u0142o\u015bciowym s\u0105d po og\u0142oszeniu upad\u0142o\u015bci wyznacza syndyka masy upad\u0142o\u015bciowej, kt\u00f3ry ustali wierzycieli. Po zatwierdzeniu przez s\u0119dziego \u2013 komisarza listy wierzycieli syndyk likwiduje maj\u0105tek upad\u0142ego i wykonuje plan podzia\u0142u oraz plan sp\u0142aty. <strong><u>Po wykonaniu planu sp\u0142aty dochodzi do odd\u0142u\u017cenia d\u0142u\u017cnika.<\/u><\/strong><\/p><p>W ka\u017cdym czasie je\u017celi plan sp\u0142aty nie b\u0119dzie realizowany przez d\u0142u\u017cnika i nie b\u0119dzie on wsp\u00f3\u0142pracowa\u0142 z syndykiem albo po og\u0142oszeniu upad\u0142o\u015bci ujawni si\u0119 przes\u0142anka negatywna s\u0105d umorzy post\u0119powanie.<\/p><p>\u00a0<\/p><\/div><\/div><\/div><\/div><\/div><\/div><\/div><\/div><\/div><\/div><\/div><\/div><\/div>","protected":false},"excerpt":{"rendered":"<p>Szukasz Kancelarii, kt\u00f3ra b\u0119dzie reprezentowa\u0107 Twoje interesy w post\u0119powaniu upad\u0142o\u015bciowym? Skontaktuj si\u0119 z nami!Kancelaria Radcy Prawnego Lucyna Szabelska wykorzystuj\u0105c posiadan\u0105 wiedz\u0119 oraz wieloletnie do\u015bwiadczenie w kompleksowej obs\u0142udze prawnej przedsi\u0119biorc\u00f3w, sp\u00f3\u0142ek prawa handlowego oraz os\u00f3b fizycznych \u015bwiadczy pomoc prawn\u0105 w zakresie prawa cywilnego (w tym odszkodowa\u0144 na osobie i na mieniu), gospodarczego (w tym w szczeg\u00f3lno\u015bci [&hellip;]<\/p>\n","protected":false},"author":2,"featured_media":0,"parent":0,"menu_order":0,"comment_status":"open","ping_status":"open","template":"","meta":{"footnotes":""},"categories":[],"tags":[],"class_list":["post-2","page","type-page","status-publish","hentry"],"_links":{"self":[{"href":"https:\/\/kancelariaszabelska.pl\/index.php?rest_route=\/wp\/v2\/pages\/2","targetHints":{"allow":["GET"]}}],"collection":[{"href":"https:\/\/kancelariaszabelska.pl\/index.php?rest_route=\/wp\/v2\/pages"}],"about":[{"href":"https:\/\/kancelariaszabelska.pl\/index.php?rest_route=\/wp\/v2\/types\/page"}],"author":[{"embeddable":true,"href":"https:\/\/kancelariaszabelska.pl\/index.php?rest_route=\/wp\/v2\/users\/2"}],"replies":[{"embeddable":true,"href":"https:\/\/kancelariaszabelska.pl\/index.php?rest_route=%2Fwp%2Fv2%2Fcomments&post=2"}],"version-history":[{"count":1,"href":"https:\/\/kancelariaszabelska.pl\/index.php?rest_route=\/wp\/v2\/pages\/2\/revisions"}],"predecessor-version":[{"id":14,"href":"https:\/\/kancelariaszabelska.pl\/index.php?rest_route=\/wp\/v2\/pages\/2\/revisions\/14"}],"wp:attachment":[{"href":"https:\/\/kancelariaszabelska.pl\/index.php?rest_route=%2Fwp%2Fv2%2Fmedia&parent=2"}],"wp:term":[{"taxonomy":"category","embeddable":true,"href":"https:\/\/kancelariaszabelska.pl\/index.php?rest_route=%2Fwp%2Fv2%2Fcategories&post=2"},{"taxonomy":"post_tag","embeddable":true,"href":"https:\/\/kancelariaszabelska.pl\/index.php?rest_route=%2Fwp%2Fv2%2Ftags&post=2"}],"curies":[{"name":"wp","href":"https:\/\/api.w.org\/{rel}","templated":true}]}}