{"id":34,"date":"2016-09-04T07:47:22","date_gmt":"2016-09-04T07:47:22","guid":{"rendered":"http:\/\/kancelariaszabelska.pl\/?page_id=34"},"modified":"2016-09-04T12:45:33","modified_gmt":"2016-09-04T12:45:33","slug":"prawo-cywilne","status":"publish","type":"page","link":"https:\/\/kancelariaszabelska.pl\/?page_id=34","title":{"rendered":"Prawo cywilne"},"content":{"rendered":"<div id=\"pg-34-0\"  class=\"panel-grid\" ><div class=\"panel-grid-core\"><div id=\"pgc-34-0-0\"  class=\"panel-grid-cell \" ><div class=\"panel-widget-style\" ><p><span style=\"font-weight: 400;\"><strong>- roszczenia o zap\u0142at\u0119<\/strong> (dochodzone r\u00f3wnie\u017c w tzw. e-s\u0105dzie w ramach elektronicznego post\u0119powania upominawczego \u2013 pozwala to na szybsze uzyskanie zap\u0142aty przy jednoczesnym ograniczeniu koszt\u00f3w post\u0119powania)<\/span><\/p><p><strong>- naruszenia d\u00f3br osobistych<\/strong><\/p><p><strong>- prawo rzeczowe (nieruchomo\u015bci)<\/strong><\/p><p><span style=\"font-weight: 400;\">\u015awiadczona pomoc prawna obejmuje sporz\u0105dzanie wszelkich pism procesowych w zakresie prawa cywilnego na ka\u017cdym etapie post\u0119powania oraz zast\u0119pstwo procesowe przed s\u0105dami i organami administracji publicznej.<\/span><\/p><\/div><\/div><\/div><\/div>","protected":false},"excerpt":{"rendered":"<p>&#8211; roszczenia o zap\u0142at\u0119 (dochodzone r\u00f3wnie\u017c w tzw. e-s\u0105dzie w ramach elektronicznego post\u0119powania upominawczego \u2013 pozwala to na szybsze uzyskanie zap\u0142aty przy jednoczesnym ograniczeniu koszt\u00f3w post\u0119powania)- naruszenia d\u00f3br osobistych- prawo rzeczowe (nieruchomo\u015bci)\u015awiadczona pomoc prawna obejmuje sporz\u0105dzanie wszelkich pism procesowych w zakresie prawa cywilnego na ka\u017cdym etapie post\u0119powania oraz zast\u0119pstwo procesowe przed s\u0105dami i organami administracji [&hellip;]<\/p>\n","protected":false},"author":2,"featured_media":0,"parent":0,"menu_order":0,"comment_status":"closed","ping_status":"closed","template":"","meta":{"footnotes":""},"categories":[],"tags":[],"class_list":["post-34","page","type-page","status-publish","hentry"],"_links":{"self":[{"href":"https:\/\/kancelariaszabelska.pl\/index.php?rest_route=\/wp\/v2\/pages\/34","targetHints":{"allow":["GET"]}}],"collection":[{"href":"https:\/\/kancelariaszabelska.pl\/index.php?rest_route=\/wp\/v2\/pages"}],"about":[{"href":"https:\/\/kancelariaszabelska.pl\/index.php?rest_route=\/wp\/v2\/types\/page"}],"author":[{"embeddable":true,"href":"https:\/\/kancelariaszabelska.pl\/index.php?rest_route=\/wp\/v2\/users\/2"}],"replies":[{"embeddable":true,"href":"https:\/\/kancelariaszabelska.pl\/index.php?rest_route=%2Fwp%2Fv2%2Fcomments&post=34"}],"version-history":[{"count":1,"href":"https:\/\/kancelariaszabelska.pl\/index.php?rest_route=\/wp\/v2\/pages\/34\/revisions"}],"predecessor-version":[{"id":37,"href":"https:\/\/kancelariaszabelska.pl\/index.php?rest_route=\/wp\/v2\/pages\/34\/revisions\/37"}],"wp:attachment":[{"href":"https:\/\/kancelariaszabelska.pl\/index.php?rest_route=%2Fwp%2Fv2%2Fmedia&parent=34"}],"wp:term":[{"taxonomy":"category","embeddable":true,"href":"https:\/\/kancelariaszabelska.pl\/index.php?rest_route=%2Fwp%2Fv2%2Fcategories&post=34"},{"taxonomy":"post_tag","embeddable":true,"href":"https:\/\/kancelariaszabelska.pl\/index.php?rest_route=%2Fwp%2Fv2%2Ftags&post=34"}],"curies":[{"name":"wp","href":"https:\/\/api.w.org\/{rel}","templated":true}]}}