{"id":38,"date":"2016-09-04T07:47:51","date_gmt":"2016-09-04T07:47:51","guid":{"rendered":"http:\/\/kancelariaszabelska.pl\/?page_id=38"},"modified":"2016-09-04T13:07:32","modified_gmt":"2016-09-04T13:07:32","slug":"dochodzenie-odszkodowan","status":"publish","type":"page","link":"https:\/\/kancelariaszabelska.pl\/?page_id=38","title":{"rendered":"Dochodzenie odszkodowa\u0144"},"content":{"rendered":"<div id=\"pg-38-0\"  class=\"panel-grid\" ><div class=\"panel-grid-core\"><div id=\"pgc-38-0-0\"  class=\"panel-grid-cell \" ><div class=\"panel-widget-style\" ><p><strong>Odszkodowania na mieniu<\/strong><\/p><p><strong>Odszkodowania na osobie<\/strong><\/p><p><strong>Zado\u015b\u0107uczynienia<\/strong><\/p><p>\u00a0<\/p><p><strong>Dochodzenie odszkodowa\u0144<\/strong><\/p><p><span style=\"font-weight: 400;\">Kancelaria Radcy Prawnego Lucyna Szabelska \u015bwiadczy pomoc prawna w zakresie uzyskiwania odszkodowa\u0144 od podmiot\u00f3w odpowiedzialnych, w tym przede wszystkim od towarzystw ubezpieczeniowych i plac\u00f3wek s\u0142u\u017cby zdrowia. Kancelaria Radcy Prawnego zapewnia kompleksow\u0105 obs\u0142ug\u0119 w zakresie uzyskania stosownego odszkodowania oraz zado\u015b\u0107uczynienia. Natomiast po analizie sprawy proponuje zar\u00f3wno roszczenia z jakimi mo\u017cna wyst\u0105pi\u0107 do podmiotu odpowiedzialnego jak i ich wysoko\u015b\u0107. Kancelaria zapewnia mo\u017cliwo\u015b\u0107 dochodzenia odszkodowa\u0144 na etapie polubownym oraz s\u0105dowym.<\/span><\/p><p><span style=\"font-weight: 400;\"><br \/><\/span><span style=\"font-weight: 400;\">Najcz\u0119stszymi zdarzeniami, kt\u00f3re wywo\u0142uj\u0105 odpowiedzialno\u015b\u0107 cywiln\u0105 innego podmiotu s\u0105:<\/span><\/p><p><span style=\"font-weight: 400;\">- wypadki komunikacyjne (OC, AC);<\/span><\/p><p><span style=\"font-weight: 400;\">- wypadki w pracy;<\/span><\/p><p><span style=\"font-weight: 400;\">- zdarzenia rodz\u0105ce odpowiedzialno\u015b\u0107 po stronie zarz\u0105dcy nieruchomo\u015bci (np. z\u0142amanie nogi na oblodzonym chodniku);<\/span><\/p><p><span style=\"font-weight: 400;\">- spadniecie na cz\u0142owieka fragmentu budynku\/\u015bniegu powoduj\u0105ce uszkodzenie cia\u0142a lub rozstr\u00f3j zdrowia;<\/span><\/p><p><span style=\"font-weight: 400;\">- b\u0142\u0119dy w sztuce medycznej.<\/span><\/p><\/div><\/div><\/div><\/div>","protected":false},"excerpt":{"rendered":"<p>Odszkodowania na mieniuOdszkodowania na osobieZado\u015b\u0107uczynienia\u00a0Dochodzenie odszkodowa\u0144Kancelaria Radcy Prawnego Lucyna Szabelska \u015bwiadczy pomoc prawna w zakresie uzyskiwania odszkodowa\u0144 od podmiot\u00f3w odpowiedzialnych, w tym przede wszystkim od towarzystw ubezpieczeniowych i plac\u00f3wek s\u0142u\u017cby zdrowia. Kancelaria Radcy Prawnego zapewnia kompleksow\u0105 obs\u0142ug\u0119 w zakresie uzyskania stosownego odszkodowania oraz zado\u015b\u0107uczynienia. Natomiast po analizie sprawy proponuje zar\u00f3wno roszczenia z jakimi mo\u017cna wyst\u0105pi\u0107 [&hellip;]<\/p>\n","protected":false},"author":2,"featured_media":0,"parent":0,"menu_order":0,"comment_status":"closed","ping_status":"closed","template":"","meta":{"footnotes":""},"categories":[],"tags":[],"class_list":["post-38","page","type-page","status-publish","hentry"],"_links":{"self":[{"href":"https:\/\/kancelariaszabelska.pl\/index.php?rest_route=\/wp\/v2\/pages\/38","targetHints":{"allow":["GET"]}}],"collection":[{"href":"https:\/\/kancelariaszabelska.pl\/index.php?rest_route=\/wp\/v2\/pages"}],"about":[{"href":"https:\/\/kancelariaszabelska.pl\/index.php?rest_route=\/wp\/v2\/types\/page"}],"author":[{"embeddable":true,"href":"https:\/\/kancelariaszabelska.pl\/index.php?rest_route=\/wp\/v2\/users\/2"}],"replies":[{"embeddable":true,"href":"https:\/\/kancelariaszabelska.pl\/index.php?rest_route=%2Fwp%2Fv2%2Fcomments&post=38"}],"version-history":[{"count":1,"href":"https:\/\/kancelariaszabelska.pl\/index.php?rest_route=\/wp\/v2\/pages\/38\/revisions"}],"predecessor-version":[{"id":44,"href":"https:\/\/kancelariaszabelska.pl\/index.php?rest_route=\/wp\/v2\/pages\/38\/revisions\/44"}],"wp:attachment":[{"href":"https:\/\/kancelariaszabelska.pl\/index.php?rest_route=%2Fwp%2Fv2%2Fmedia&parent=38"}],"wp:term":[{"taxonomy":"category","embeddable":true,"href":"https:\/\/kancelariaszabelska.pl\/index.php?rest_route=%2Fwp%2Fv2%2Fcategories&post=38"},{"taxonomy":"post_tag","embeddable":true,"href":"https:\/\/kancelariaszabelska.pl\/index.php?rest_route=%2Fwp%2Fv2%2Ftags&post=38"}],"curies":[{"name":"wp","href":"https:\/\/api.w.org\/{rel}","templated":true}]}}