{"id":41,"date":"2016-09-04T07:48:04","date_gmt":"2016-09-04T07:48:04","guid":{"rendered":"http:\/\/kancelariaszabelska.pl\/?page_id=41"},"modified":"2016-09-04T13:11:08","modified_gmt":"2016-09-04T13:11:08","slug":"windykacja-naleznosci","status":"publish","type":"page","link":"https:\/\/kancelariaszabelska.pl\/?page_id=41","title":{"rendered":"Windykacja nale\u017cno\u015bci"},"content":{"rendered":"<div id=\"pg-41-0\"  class=\"panel-grid\" ><div class=\"panel-grid-core\"><div id=\"pgc-41-0-0\"  class=\"panel-grid-cell \" ><div class=\"panel-widget-style\" ><p><strong>Windykacja nale\u017cno\u015bci<\/strong> \u2013 windykacja, prawo upad\u0142o\u015bciowe, upad\u0142o\u015b\u0107 konsumencka<br \/><br \/><strong>Windykacja<\/strong>- windykacja przeds\u0105dowa, s\u0105dowa, na etapie post\u0119powania egzekucyjnego<br \/><br \/><strong>Prawo upad\u0142o\u015bciowe-<\/strong> <br \/>- przygotowaniem wniosku o og\u0142oszenie upad\u0142o\u015bci<br \/>- przygotowaniem zg\u0142oszenia wierzytelno\u015bci <br \/>- przygotowanie wniosku o wy\u0142\u0105czenie z masy<br \/>- przygotowanie i reprezentacja w postepowaniu wywo\u0142anym pow\u00f3dztwem o wy\u0142\u0105czenie z masy<br \/>- przygotowanie projektu planu naprawczego<\/p><\/div><\/div><\/div><\/div>","protected":false},"excerpt":{"rendered":"<p>Windykacja nale\u017cno\u015bci \u2013 windykacja, prawo upad\u0142o\u015bciowe, upad\u0142o\u015b\u0107 konsumenckaWindykacja- windykacja przeds\u0105dowa, s\u0105dowa, na etapie post\u0119powania egzekucyjnegoPrawo upad\u0142o\u015bciowe- &#8211; przygotowaniem wniosku o og\u0142oszenie upad\u0142o\u015bci- przygotowaniem zg\u0142oszenia wierzytelno\u015bci &#8211; przygotowanie wniosku o wy\u0142\u0105czenie z masy- przygotowanie i reprezentacja w postepowaniu wywo\u0142anym pow\u00f3dztwem o wy\u0142\u0105czenie z masy- przygotowanie projektu planu naprawczego<\/p>\n","protected":false},"author":2,"featured_media":0,"parent":0,"menu_order":0,"comment_status":"closed","ping_status":"closed","template":"","meta":{"footnotes":""},"categories":[],"tags":[],"class_list":["post-41","page","type-page","status-publish","hentry"],"_links":{"self":[{"href":"https:\/\/kancelariaszabelska.pl\/index.php?rest_route=\/wp\/v2\/pages\/41","targetHints":{"allow":["GET"]}}],"collection":[{"href":"https:\/\/kancelariaszabelska.pl\/index.php?rest_route=\/wp\/v2\/pages"}],"about":[{"href":"https:\/\/kancelariaszabelska.pl\/index.php?rest_route=\/wp\/v2\/types\/page"}],"author":[{"embeddable":true,"href":"https:\/\/kancelariaszabelska.pl\/index.php?rest_route=\/wp\/v2\/users\/2"}],"replies":[{"embeddable":true,"href":"https:\/\/kancelariaszabelska.pl\/index.php?rest_route=%2Fwp%2Fv2%2Fcomments&post=41"}],"version-history":[{"count":3,"href":"https:\/\/kancelariaszabelska.pl\/index.php?rest_route=\/wp\/v2\/pages\/41\/revisions"}],"predecessor-version":[{"id":59,"href":"https:\/\/kancelariaszabelska.pl\/index.php?rest_route=\/wp\/v2\/pages\/41\/revisions\/59"}],"wp:attachment":[{"href":"https:\/\/kancelariaszabelska.pl\/index.php?rest_route=%2Fwp%2Fv2%2Fmedia&parent=41"}],"wp:term":[{"taxonomy":"category","embeddable":true,"href":"https:\/\/kancelariaszabelska.pl\/index.php?rest_route=%2Fwp%2Fv2%2Fcategories&post=41"},{"taxonomy":"post_tag","embeddable":true,"href":"https:\/\/kancelariaszabelska.pl\/index.php?rest_route=%2Fwp%2Fv2%2Ftags&post=41"}],"curies":[{"name":"wp","href":"https:\/\/api.w.org\/{rel}","templated":true}]}}