{"id":42,"date":"2016-09-04T07:48:08","date_gmt":"2016-09-04T07:48:08","guid":{"rendered":"http:\/\/kancelariaszabelska.pl\/?page_id=42"},"modified":"2016-09-04T13:12:02","modified_gmt":"2016-09-04T13:12:02","slug":"wykroczenia","status":"publish","type":"page","link":"https:\/\/kancelariaszabelska.pl\/?page_id=42","title":{"rendered":"Wykroczenia"},"content":{"rendered":"<div id=\"pg-42-0\"  class=\"panel-grid\" ><div class=\"panel-grid-core\"><div id=\"pgc-42-0-0\"  class=\"panel-grid-cell \" ><div class=\"panel-widget-style\" ><p>\u00a0<\/p><p><span style=\"font-weight: 400;\">W przypadku prowadzenia pojazdu pod wp\u0142ywem alkoholu lub tzw. \u015brodk\u00f3w odurzaj\u0105cych orzekana kara \u2013 w szczeg\u00f3lno\u015bci zakazu prowadzenia pojazd\u00f3w mechanicznym jest niezwykle dotkliwa dla Sprawcy.<\/span><\/p><p><span style=\"font-weight: 400;\">Wymaga wskazania, \u017ce w przypadku wykonywania zawodu wymagaj\u0105cego statusu \u201eniekaralno\u015bci\u201d skazanie za samo prowadzenie pojazdu w stanie nietrze\u017awo\u015bci wi\u0105\u017ce si\u0119 nie tylko z na\u0142o\u017ceniem kary, ale tak\u017ce z odnotowaniem faktu skazania w Krajowym Rejestrze Karnym (KRK). W przypadku zawod\u00f3w zaufania publicznego lub te\u017c innych profesji, w kt\u00f3rych niezb\u0119dne jest posiadanie prawa jazdy orzeczenie chocia\u017cby najni\u017cszej kary po\u0142\u0105czone jest z uznaniem sprawcy za osob\u0119 karan\u0105. A co za tym idzie wi\u0105\u017ce si\u0119 najcz\u0119\u015bciej z rozwi\u0105zaniem stosunku pracy, mianowania lub s\u0142u\u017cby z osob\u0105, kt\u00f3ra by\u0142a skazana za prowadzenie w stanie nietrze\u017awo\u015bci.<\/span><\/p><p><span style=\"font-weight: 400;\">W przypadku kontroli drogowej, a nast\u0119pnie zatrzymania domniemanego sprawcy przest\u0119pstwa prowadzenia pojazdu pod wp\u0142ywem alkoholu organy \u015bcigania bardzo cz\u0119sto proponuj\u0105 tzw. skazanie bez rozprawy z jednoczesnym przyznaniem si\u0119 do winy, co nie jest korzystne dla Sprawcy.<\/span><\/p><p>\u00a0<\/p><p><span style=\"font-weight: 400;\">W przypadku kontroli drogowej \u2013 istnieje mo\u017cliwo\u015bci podniesienia wielu okoliczno\u015bci, kt\u00f3re w danym stanie faktycznym mog\u0105 skutkowa\u0107 uniewinnieniem. <\/span><\/p><p><b>Prowadzenie pojazdu mechanicznego w stanie nietrze\u017awo\u015bci \u2013 przest\u0119pstwo:<\/b><\/p><p><b>Stan nietrze\u017awo\u015bci:<\/b><\/p><ul><li style=\"font-weight: 400;\"><span style=\"font-weight: 400;\">powy\u017cej 0,25 mg alkoholu w 1dm3 wydychanego powietrza<\/span><\/li><li style=\"font-weight: 400;\"><span style=\"font-weight: 400;\">powy\u017cej 0,5 promila alkoholu we krwi<\/span><\/li><\/ul><p><b>Prowadzenie pojazdu mechanicznego po u\u017cyciu alkoholu \u2013 wykroczenie:<\/b><\/p><p><b>Stan po u\u017cyciu alkoholu:<\/b><\/p><ul><li style=\"font-weight: 400;\"><span style=\"font-weight: 400;\">powy\u017cej 0,1 do 0,25 alkoholu w 1dm3 wydychanego powietrza<\/span><\/li><li style=\"font-weight: 400;\"><span style=\"font-weight: 400;\">powy\u017cej 0,2 do 0,5 promila alkoholu we krwi<\/span><\/li><\/ul><p><span style=\"font-weight: 400;\">W momencie zatrzymania w powy\u017cszych okoliczno\u015bciach zazwyczaj odbierane jest prawo jazdy. Nast\u0119puje to w formie postanowienia o zatrzymaniu prawa jazdy wydawanego przez w\u0142a\u015bciw\u0105 miejscowo prokuratur\u0119. <\/span><\/p><p><b>PODSTAWA PRAWNA:<\/b><\/p><p><b>KODEKS KARNY<\/b><\/p><p><span style=\"font-weight: 400;\">115 \u00a7 16.\u00a0Stan nietrze\u017awo\u015bci w rozumieniu tego kodeksu zachodzi, gdy:<\/span><\/p><ol><li style=\"font-weight: 400;\"><span style=\"font-weight: 400;\">zawarto\u015b\u0107 alkoholu we krwi przekracza 0,5 promila albo prowadzi do st\u0119\u017cenia przekraczaj\u0105cego t\u0119 warto\u015b\u0107 lub<\/span><\/li><li style=\"font-weight: 400;\"><span style=\"font-weight: 400;\">zawarto\u015b\u0107 alkoholu w 1 dm3 wydychanego powietrza przekracza 0,25 mg albo prowadzi do st\u0119\u017cenia przekraczaj\u0105cego t\u0119 warto\u015b\u0107.<\/span><\/li><\/ol><p><span style=\"font-weight: 400;\">Art. 178a. \u00a7 1.\u00a0Kto, znajduj\u0105c si\u0119 w stanie nietrze\u017awo\u015bci lub pod wp\u0142ywem \u015brodka odurzaj\u0105cego, prowadzi pojazd mechaniczny w ruchu l\u0105dowym, wodnym lub powietrznym,\u00a0podlega grzywnie, karze ograniczenia wolno\u015bci albo pozbawienia wolno\u015bci do lat 2.<\/span><\/p><ul><li><span style=\"font-weight: 400;\"> 4.\u00a0Je\u017celi sprawca czynu okre\u015blonego w \u00a7 1 by\u0142 wcze\u015bniej prawomocnie skazany za prowadzenie pojazdu mechanicznego w stanie nietrze\u017awo\u015bci lub pod wp\u0142ywem \u015brodka odurzaj\u0105cego albo za przest\u0119pstwo okre\u015blone w\u00a0art.173, 174, 177\u00a0lub\u00a0art. 355 \u00a7 2\u00a0pope\u0142nione w stanie nietrze\u017awo\u015bci lub pod wp\u0142ywem \u015brodka odurzaj\u0105cego albo dopu\u015bci\u0142 si\u0119 czynu okre\u015blonego w \u00a7 1 w okresie obowi\u0105zywania zakazu prowadzenia pojazd\u00f3w mechanicznych orzeczonego w zwi\u0105zku ze skazaniem za przest\u0119pstwo,\u00a0podlega karze pozbawienia wolno\u015bci od 3 miesi\u0119cy do lat 5.<\/span><\/li><\/ul><p><b>KODEKS WYKROCZE\u0143<\/b><\/p><p><span style=\"font-weight: 400;\">Art. 87. \u00a7 1.\u00a0Kto, znajduj\u0105c si\u0119 w stanie po u\u017cyciu alkoholu lub podobnie dzia\u0142aj\u0105cego \u015brodka, prowadzi pojazd mechaniczny w ruchu l\u0105dowym, wodnym lub powietrznym,\u00a0podlega karze aresztu albo grzywny nie ni\u017cszej ni\u017c 50 z\u0142otych.<\/span><\/p><ul><li><span style=\"font-weight: 400;\"> 1a.\u00a0Tej samej karze podlega, kto, znajduj\u0105c si\u0119 w stanie nietrze\u017awo\u015bci lub pod wp\u0142ywem podobnie dzia\u0142aj\u0105cego \u015brodka, prowadzi na drodze publicznej, w strefie zamieszkania lub w strefie ruchu inny pojazd ni\u017c okre\u015blony w \u00a7 1.<\/span><\/li><li><span style=\"font-weight: 400;\"> 2.\u00a0Kto, znajduj\u0105c si\u0119 w stanie po u\u017cyciu alkoholu lub podobnie dzia\u0142aj\u0105cego \u015brodka, prowadzi na drodze publicznej, w strefie zamieszkania lub strefie ruchu inny pojazd ni\u017c okre\u015blony w \u00a7 1,\u00a0podlega karze aresztu do 14 dni albo karze grzywny.<\/span><\/li><li><span style=\"font-weight: 400;\"> 3. (8)\u00a0W razie pope\u0142nienia wykroczenia okre\u015blonego w \u00a7 1 orzeka si\u0119 zakaz prowadzenia pojazd\u00f3w.<\/span><\/li><li><span style=\"font-weight: 400;\"> 4. (9)\u00a0W razie pope\u0142nienia wykroczenia okre\u015blonego w \u00a7 1a lub 2 mo\u017cna orzec zakaz prowadzenia pojazd\u00f3w innych ni\u017c okre\u015blone w \u00a7 1<\/span><\/li><\/ul><p><span style=\"font-weight: 400;\">USTAWA O WYCHOWANIU W TRZE\u0179WO\u015aCI I PRZECIWDZIA\u0141ANIU ALKOHOLIZMOWI<\/span><\/p><p><span style=\"font-weight: 400;\">Art. 46. 1.\u00a0Napojem alkoholowym w rozumieniu niniejszej ustawy jest produkt przeznaczony do spo\u017cycia zawieraj\u0105cy alkohol etylowy pochodzenia rolniczego w st\u0119\u017ceniu przekraczaj\u0105cym 0,5% obj\u0119to\u015bciowych alkoholu.<\/span><\/p><ol start=\"2\"><li><span style=\"font-weight: 400;\">Stan po u\u017cyciu alkoholu zachodzi, gdy zawarto\u015b\u0107 alkoholu w organizmie wynosi lub prowadzi do:<\/span><\/li><\/ol><ol><li style=\"font-weight: 400;\"><span style=\"font-weight: 400;\">st\u0119\u017cenia we krwi od 0,2\u2030 do 0,5\u2030 alkoholu albo<\/span><\/li><li style=\"font-weight: 400;\"><span style=\"font-weight: 400;\">obecno\u015bci w wydychanym powietrzu od 0,1 mg do 0,25 mg alkoholu w 1 dm3.<\/span><\/li><\/ol><ol start=\"3\"><li><span style=\"font-weight: 400;\">Stan nietrze\u017awo\u015bci zachodzi, gdy zawarto\u015b\u0107 alkoholu w organizmie wynosi lub prowadzi do:<\/span><\/li><\/ol><ol><li style=\"font-weight: 400;\"><span style=\"font-weight: 400;\">st\u0119\u017cenia we krwi powy\u017cej 0,5\u2030 alkoholu albo<\/span><\/li><li style=\"font-weight: 400;\"><span style=\"font-weight: 400;\">obecno\u015bci w wydychanym powietrzu powy\u017cej 0,25 mg alkoholu w 1 dm3.<\/span><\/li><\/ol><p>\u00a0<\/p><p><span style=\"font-weight: 400;\">W przypadku zatrzymania pod zarzutem posiadania \u015brodk\u00f3w odurzaj\u0105cych lub substancji psychotropowych podlega si\u0119 karze pozbawienia wolno\u015bci do lat 3.<\/span><\/p><p><span style=\"font-weight: 400;\">W przypadku wykonywania zawodu wymagaj\u0105cego statusu \u201eniekaralno\u015bci\u201d skazanie za zapalenie tzw. skr\u0119ta wi\u0105\u017ce si\u0119 nie tylko z mo\u017cliwym na\u0142o\u017ceniem kary, ale tak\u017ce z odnotowaniem faktu skazania w Krajowym Rejestrze Karnym (KRK). W przypadku zawod\u00f3w zaufania publicznego lub te\u017c innych profesji, w kt\u00f3rych niezb\u0119dne jest posiadanie statusu osoby niekaranej \u2013 skazanie za posiadanie nieznacznej ilo\u015bci \u015brodk\u00f3w odurzaj\u0105cych po\u0142\u0105czone jest z uznaniem sprawcy za osob\u0119 karan\u0105. A co za tym idzie wi\u0105\u017ce si\u0119 to najcz\u0119\u015bciej z rozwi\u0105zaniem stosunku pracy, mianowania lub s\u0142u\u017cby z osob\u0105, kt\u00f3ra by\u0142a skazana za posiadanie takich \u015brodk\u00f3w.<\/span><\/p><p><span style=\"font-weight: 400;\">Wymaga wskazania, \u017ce istnieje mo\u017cliwo\u015b\u0107 umorzenia post\u0119powania w przypadku posiadania nieznacznej ilo\u015bci narkotyk\u00f3w na w\u0142asny u\u017cytek, umorzenia post\u0119powania ze wzgl\u0119du na znikom\u0105 spo\u0142eczn\u0105 szkodliwo\u015b\u0107 czynu oraz zawieszenia post\u0119powania w przypadku poddania si\u0119 leczeniu odwykowemu.<\/span><\/p><p><span style=\"font-weight: 400;\">PODSTAWA PRAWNA:<\/span><\/p><p><span style=\"font-weight: 400;\">USTAWA O PRZECIWDZIA\u0141ANIU NARKOMANII<\/span><\/p><p><span style=\"font-weight: 400;\">Art. 62 ust. 1.\u00a0Kto, wbrew przepisom ustawy, posiada \u015brodki odurzaj\u0105ce lub substancje psychotropowe,\u00a0podlega karze pozbawienia wolno\u015bci do lat 3.<\/span><\/p><ol start=\"2\"><li><span style=\"font-weight: 400;\">Je\u017celi przedmiotem czynu, o kt\u00f3rym mowa w ust. 1, jest znaczna ilo\u015b\u0107 \u015brodk\u00f3w odurzaj\u0105cych lub substancji psychotropowych, sprawca\u00a0podlega karze pozbawienia wolno\u015bci od roku do lat 10.<\/span><\/li><li><span style=\"font-weight: 400;\">W wypadku mniejszej wagi, sprawca\u00a0podlega grzywnie, karze ograniczenia wolno\u015bci albo pozbawienia wolno\u015bci do roku.<\/span><\/li><\/ol><p><span style=\"font-weight: 400;\">Art. 62a.\u00a0Je\u017celi przedmiotem czynu, o kt\u00f3rym mowa w art. 62 ust. 1 lub 3, s\u0105 \u015brodki odurzaj\u0105ce lub substancje psychotropowe w ilo\u015bci nieznacznej, przeznaczone na w\u0142asny u\u017cytek sprawcy, post\u0119powanie mo\u017cna umorzy\u0107 r\u00f3wnie\u017c przed wydaniem postanowienia o wszcz\u0119ciu \u015bledztwa lub dochodzenia, je\u017celi orzeczenie wobec sprawcy kary by\u0142oby niecelowe ze wzgl\u0119du na okoliczno\u015bci pope\u0142nienia czynu, a tak\u017ce stopie\u0144 jego spo\u0142ecznej szkodliwo\u015bci.<\/span><\/p><\/div><\/div><\/div><\/div>","protected":false},"excerpt":{"rendered":"<p>\u00a0W przypadku prowadzenia pojazdu pod wp\u0142ywem alkoholu lub tzw. \u015brodk\u00f3w odurzaj\u0105cych orzekana kara \u2013 w szczeg\u00f3lno\u015bci zakazu prowadzenia pojazd\u00f3w mechanicznym jest niezwykle dotkliwa dla Sprawcy.Wymaga wskazania, \u017ce w przypadku wykonywania zawodu wymagaj\u0105cego statusu \u201eniekaralno\u015bci\u201d skazanie za samo prowadzenie pojazdu w stanie nietrze\u017awo\u015bci wi\u0105\u017ce si\u0119 nie tylko z na\u0142o\u017ceniem kary, ale tak\u017ce z odnotowaniem faktu skazania [&hellip;]<\/p>\n","protected":false},"author":2,"featured_media":0,"parent":0,"menu_order":0,"comment_status":"closed","ping_status":"closed","template":"","meta":{"footnotes":""},"categories":[],"tags":[],"class_list":["post-42","page","type-page","status-publish","hentry"],"_links":{"self":[{"href":"https:\/\/kancelariaszabelska.pl\/index.php?rest_route=\/wp\/v2\/pages\/42","targetHints":{"allow":["GET"]}}],"collection":[{"href":"https:\/\/kancelariaszabelska.pl\/index.php?rest_route=\/wp\/v2\/pages"}],"about":[{"href":"https:\/\/kancelariaszabelska.pl\/index.php?rest_route=\/wp\/v2\/types\/page"}],"author":[{"embeddable":true,"href":"https:\/\/kancelariaszabelska.pl\/index.php?rest_route=\/wp\/v2\/users\/2"}],"replies":[{"embeddable":true,"href":"https:\/\/kancelariaszabelska.pl\/index.php?rest_route=%2Fwp%2Fv2%2Fcomments&post=42"}],"version-history":[{"count":1,"href":"https:\/\/kancelariaszabelska.pl\/index.php?rest_route=\/wp\/v2\/pages\/42\/revisions"}],"predecessor-version":[{"id":47,"href":"https:\/\/kancelariaszabelska.pl\/index.php?rest_route=\/wp\/v2\/pages\/42\/revisions\/47"}],"wp:attachment":[{"href":"https:\/\/kancelariaszabelska.pl\/index.php?rest_route=%2Fwp%2Fv2%2Fmedia&parent=42"}],"wp:term":[{"taxonomy":"category","embeddable":true,"href":"https:\/\/kancelariaszabelska.pl\/index.php?rest_route=%2Fwp%2Fv2%2Fcategories&post=42"},{"taxonomy":"post_tag","embeddable":true,"href":"https:\/\/kancelariaszabelska.pl\/index.php?rest_route=%2Fwp%2Fv2%2Ftags&post=42"}],"curies":[{"name":"wp","href":"https:\/\/api.w.org\/{rel}","templated":true}]}}