{"id":62,"date":"2016-09-04T20:19:58","date_gmt":"2016-09-04T20:19:58","guid":{"rendered":"http:\/\/kancelariaszabelska.pl\/?page_id=62"},"modified":"2016-09-04T20:19:58","modified_gmt":"2016-09-04T20:19:58","slug":"nota-prawna","status":"publish","type":"page","link":"https:\/\/kancelariaszabelska.pl\/?page_id=62","title":{"rendered":"Nota prawna"},"content":{"rendered":"<div id=\"pg-62-0\"  class=\"panel-grid\" ><div class=\"panel-grid-core\"><div id=\"pgc-62-0-0\"  class=\"panel-grid-cell \" ><div class=\"panel-widget-style\" ><p><span style=\"font-weight: 400;\">Niniejsza strona internetowa ma charakter informacyjny i nie stanowi reklamy wykonywania zawodu radcy prawnego. Witryna internetowa www.kancelariaszabelska.pl ma charakter wy\u0142\u0105cznie informacyjny.<\/span><\/p><p><span style=\"font-weight: 400;\">Radca Prawny Lucyna Szabelska nie ponosi odpowiedzialno\u015bci z tytu\u0142u powstania ewentualnych szk\u00f3d, wynikaj\u0105cych lub mog\u0105cych wynika\u0107, z korzystania z niniejszej strony internetowej. Osoby zainteresowane uzyskaniem informacji b\u0119d\u0105cych przedmiotem niniejszej witryny powinny zasi\u0119gn\u0105\u0107 porady Radcy Prawnego Lucyny Szabelskiej. Wybrane tre\u015bci zawarte na niniejszej witrynie nie mog\u0105 by\u0107 wykorzystywane w celach publicznych bez pisemnej zgody Radcy Prawnego Lucyny Szabelskiej. Materia\u0142y zawarte na stronie internetowej www.kancelariaszabelska.pl s\u0105 chronione prawami autorskimi i stanowi\u0105 przedmiot w\u0142asno\u015bci.<\/span><\/p><p><strong>Ochrona danych osobowych<\/strong><\/p><p><span style=\"font-weight: 400;\">Przes\u0142anie danych osobowych za po\u015brednictwem formularza kontaktu znajduj\u0105cego si\u0119 w dziale: Kontakt oraz za po\u015brednictwem adresu e-mail: kontakt@kancelariaszabelska.pl jest r\u00f3wnoznaczne z dobrowolnym wyra\u017ceniem zgody przez u\u017cytkownika serwisu na gromadzenie i przetwarzanie danych osobowych przez Radc\u0119 Prawnego Lucyn\u0119 Szabelsk\u0105. Niniejszym pouczam ka\u017cdego u\u017cytkownika serwisu o prawie dost\u0119pu do jego danych, mo\u017cliwo\u015bci ich poprawiania oraz \u017c\u0105dania ich usuni\u0119cia.<\/span><\/p><p><strong>Polityka \u201eCOOKIES\u201d<\/strong><\/p><p><span style=\"font-weight: 400;\">Strona internetowa wykorzystuje informacje zarejestrowane za po\u015brednictwem plik\u00f3w \u201eCOOKIES\u201d i innych tego typu technologii w celu dostosowania strony do indywidualnych potrzeb korzystaj\u0105cych z witryny oraz w celach statystycznych. W przypadku wyra\u017cenia zgody na u\u017cywanie plik\u00f3w \u201eCOOKIES\u201d b\u0119d\u0105 one zapisane w Pa\u0144stwa przegl\u0105darce. Istnieje mo\u017cliwo\u015b\u0107 zmiany ustawie\u0144 dotycz\u0105cych zapisywania plik\u00f3w \u201eCOOKIES\u201d. Mo\u017cna tak\u017ce ca\u0142kowicie wy\u0142\u0105czy\u0107 pliki \u201eCOOKIES\u201d na niniejszej witrynie korzystaj\u0105c z opcji Pa\u0144stwa przegl\u0105darki internetowej.<\/span><\/p><\/div><\/div><\/div><\/div>","protected":false},"excerpt":{"rendered":"<p>Niniejsza strona internetowa ma charakter informacyjny i nie stanowi reklamy wykonywania zawodu radcy prawnego. Witryna internetowa www.kancelariaszabelska.pl ma charakter wy\u0142\u0105cznie informacyjny.Radca Prawny Lucyna Szabelska nie ponosi odpowiedzialno\u015bci z tytu\u0142u powstania ewentualnych szk\u00f3d, wynikaj\u0105cych lub mog\u0105cych wynika\u0107, z korzystania z niniejszej strony internetowej. Osoby zainteresowane uzyskaniem informacji b\u0119d\u0105cych przedmiotem niniejszej witryny powinny zasi\u0119gn\u0105\u0107 porady Radcy Prawnego [&hellip;]<\/p>\n","protected":false},"author":2,"featured_media":0,"parent":0,"menu_order":0,"comment_status":"closed","ping_status":"closed","template":"","meta":{"footnotes":""},"categories":[],"tags":[],"class_list":["post-62","page","type-page","status-publish","hentry"],"_links":{"self":[{"href":"https:\/\/kancelariaszabelska.pl\/index.php?rest_route=\/wp\/v2\/pages\/62","targetHints":{"allow":["GET"]}}],"collection":[{"href":"https:\/\/kancelariaszabelska.pl\/index.php?rest_route=\/wp\/v2\/pages"}],"about":[{"href":"https:\/\/kancelariaszabelska.pl\/index.php?rest_route=\/wp\/v2\/types\/page"}],"author":[{"embeddable":true,"href":"https:\/\/kancelariaszabelska.pl\/index.php?rest_route=\/wp\/v2\/users\/2"}],"replies":[{"embeddable":true,"href":"https:\/\/kancelariaszabelska.pl\/index.php?rest_route=%2Fwp%2Fv2%2Fcomments&post=62"}],"version-history":[{"count":1,"href":"https:\/\/kancelariaszabelska.pl\/index.php?rest_route=\/wp\/v2\/pages\/62\/revisions"}],"predecessor-version":[{"id":63,"href":"https:\/\/kancelariaszabelska.pl\/index.php?rest_route=\/wp\/v2\/pages\/62\/revisions\/63"}],"wp:attachment":[{"href":"https:\/\/kancelariaszabelska.pl\/index.php?rest_route=%2Fwp%2Fv2%2Fmedia&parent=62"}],"wp:term":[{"taxonomy":"category","embeddable":true,"href":"https:\/\/kancelariaszabelska.pl\/index.php?rest_route=%2Fwp%2Fv2%2Fcategories&post=62"},{"taxonomy":"post_tag","embeddable":true,"href":"https:\/\/kancelariaszabelska.pl\/index.php?rest_route=%2Fwp%2Fv2%2Ftags&post=62"}],"curies":[{"name":"wp","href":"https:\/\/api.w.org\/{rel}","templated":true}]}}